{"id":234,"date":"2013-03-10T09:38:15","date_gmt":"2013-03-10T09:38:15","guid":{"rendered":"https:\/\/mariuszryz.pl\/?page_id=234"},"modified":"2025-12-06T17:46:23","modified_gmt":"2025-12-06T16:46:23","slug":"kontakt","status":"publish","type":"page","link":"https:\/\/mariuszryz.pl\/index.php\/kontakt\/","title":{"rendered":"Kontakt"},"content":{"rendered":"<p>Mariusz Ry\u017c Inqfoto<\/p>\n<p>Boles\u0142awiec<\/p>\n<p>696030169<\/p>\n<p><strong>mariusz.ryz&lt;ma\u0142pa&gt;gmail.com<br \/>\n<\/strong><\/p>\n<p>Us\u0142ugi fotograficzne, przygotowanie do druku wraz z dostarczeniem gotowych produkt\u00f3w. Wsparcie przy tworzeniu wizualizacji dla firm.<\/p>\n<p>INQFOTO to r\u00f3wnie\u017c natychmiastowe ma\u0142onak\u0142adowe wydruki atramentowe na papierze fotograficznym. Fotoalbumy, kalendarze&#8230;<\/p>\n<p>G\u0142\u00f3wnie pracuj\u0119 na zlecenie firm fotograficznych obs\u0142uguj\u0105cych du\u017ce imprezy sportowe. Sportogrf.com oraz Fotomaraton.pl<br \/>\nMoja specjalizacja to reporta\u017c sportowy, akcja w obiektywie. Du\u017ce zlecenia, praca w trudnym terenie pod presj\u0105 up\u0142ywaj\u0105cego czasu.<br \/>\nJestem cz\u0142onkiem Stowarzyszenia Fotograficznego Camera. Je\u015bli tylko czas powala dziurawi\u0119 puszki wraz Timowcami z B\u00f3le G\u0142owy Tim.<\/p>\n","protected":false},"excerpt":{"rendered":"<p>Mariusz Ry\u017c Inqfoto Boles\u0142awiec 696030169 mariusz.ryz&lt;ma\u0142pa&gt;gmail.com Us\u0142ugi fotograficzne, przygotowanie do druku wraz z dostarczeniem gotowych produkt\u00f3w. Wsparcie przy tworzeniu wizualizacji dla firm. INQFOTO to r\u00f3wnie\u017c natychmiastowe ma\u0142onak\u0142adowe wydruki atramentowe na papierze fotograficznym. Fotoalbumy, kalendarze&#8230; G\u0142\u00f3wnie pracuj\u0119 na zlecenie firm fotograficznych obs\u0142uguj\u0105cych du\u017ce imprezy sportowe. Sportogrf.com [&hellip;]<\/p>\n","protected":false},"author":1,"featured_media":0,"parent":0,"menu_order":0,"comment_status":"closed","ping_status":"open","template":"","meta":{"footnotes":""},"class_list":["post-234","page","type-page","status-publish","hentry"],"_links":{"self":[{"href":"https:\/\/mariuszryz.pl\/index.php\/wp-json\/wp\/v2\/pages\/234","targetHints":{"allow":["GET"]}}],"collection":[{"href":"https:\/\/mariuszryz.pl\/index.php\/wp-json\/wp\/v2\/pages"}],"about":[{"href":"https:\/\/mariuszryz.pl\/index.php\/wp-json\/wp\/v2\/types\/page"}],"author":[{"embeddable":true,"href":"https:\/\/mariuszryz.pl\/index.php\/wp-json\/wp\/v2\/users\/1"}],"replies":[{"embeddable":true,"href":"https:\/\/mariuszryz.pl\/index.php\/wp-json\/wp\/v2\/comments?post=234"}],"version-history":[{"count":2,"href":"https:\/\/mariuszryz.pl\/index.php\/wp-json\/wp\/v2\/pages\/234\/revisions"}],"predecessor-version":[{"id":3945,"href":"https:\/\/mariuszryz.pl\/index.php\/wp-json\/wp\/v2\/pages\/234\/revisions\/3945"}],"wp:attachment":[{"href":"https:\/\/mariuszryz.pl\/index.php\/wp-json\/wp\/v2\/media?parent=234"}],"curies":[{"name":"wp","href":"https:\/\/api.w.org\/{rel}","templated":true}]}}